{"id":9,"date":"2026-01-14T08:13:45","date_gmt":"2026-01-14T08:13:45","guid":{"rendered":"http:\/\/push.care\/?page_id=9"},"modified":"2026-01-14T08:39:35","modified_gmt":"2026-01-14T08:39:35","slug":"impressum","status":"publish","type":"page","link":"https:\/\/push.care\/en\/impressum\/","title":{"rendered":"Legal Notice"},"content":{"rendered":"<div class=\"wp-block-group alignfull is-style-section-5 has-global-padding is-layout-constrained wp-block-group-is-layout-constrained is-style-section-5--1\" style=\"margin-top:0;margin-bottom:0;padding-top:var(--wp--preset--spacing--50);padding-bottom:var(--wp--preset--spacing--50)\">\n<div class=\"wp-block-columns alignwide is-layout-flex wp-container-core-columns-is-layout-7ee84d44 wp-block-columns-is-layout-flex\">\n<div class=\"wp-block-column is-vertically-aligned-center is-layout-flow wp-block-column-is-layout-flow\" style=\"flex-basis:100%\">\n<h2 class=\"wp-block-heading\">Legal Notice<br><\/h2>\n\n\n\n<p>nach dem DDG<br><br>Verantwortlich f\u00fcr Text und Inhalt gem\u00e4\u00df \u00a75 Digitale-Dienste-Gesetz (DDG):<\/p>\n\n\n\n<p class=\"has-medium-font-size\">Moguntia Advisors GmbH<br>Torsten Rau<br>Uferstr. 37<br>55116 Mainz<br>\u200b<br>T&nbsp; +49.6131.2494769<br>M&nbsp; +49.151.65064511<br>E &nbsp;torsten.rau@moguntia-advisors.com<br>\u200b<br>UST-ID-Nr.: DE 365274799<br>Amtsgericht Mainz HRB 52434&nbsp;<\/p>\n<\/div>\n<\/div>\n<\/div>\n\n\n\n<div class=\"wp-block-group alignfull has-global-padding is-layout-constrained wp-block-group-is-layout-constrained\" style=\"margin-top:0;margin-bottom:0\"><\/div>\n\n\n\n<p><\/p>","protected":false},"excerpt":{"rendered":"<p>Impressum nach dem DDG Verantwortlich f\u00fcr Text und Inhalt gem\u00e4\u00df \u00a75 Digitale-Dienste-Gesetz (DDG): Moguntia Advisors GmbHTorsten RauUferstr. 3755116 Mainz\u200bT&nbsp; +49.6131.2494769M&nbsp; +49.151.65064511E &nbsp;torsten.rau@moguntia-advisors.com\u200bUST-ID-Nr.: DE 365274799Amtsgericht Mainz HRB 52434&nbsp;<\/p>","protected":false},"author":1,"featured_media":0,"parent":0,"menu_order":0,"comment_status":"closed","ping_status":"closed","template":"","meta":{"footnotes":""},"class_list":["post-9","page","type-page","status-publish","hentry"],"_links":{"self":[{"href":"https:\/\/push.care\/en\/wp-json\/wp\/v2\/pages\/9","targetHints":{"allow":["GET"]}}],"collection":[{"href":"https:\/\/push.care\/en\/wp-json\/wp\/v2\/pages"}],"about":[{"href":"https:\/\/push.care\/en\/wp-json\/wp\/v2\/types\/page"}],"author":[{"embeddable":true,"href":"https:\/\/push.care\/en\/wp-json\/wp\/v2\/users\/1"}],"replies":[{"embeddable":true,"href":"https:\/\/push.care\/en\/wp-json\/wp\/v2\/comments?post=9"}],"version-history":[{"count":2,"href":"https:\/\/push.care\/en\/wp-json\/wp\/v2\/pages\/9\/revisions"}],"predecessor-version":[{"id":59,"href":"https:\/\/push.care\/en\/wp-json\/wp\/v2\/pages\/9\/revisions\/59"}],"wp:attachment":[{"href":"https:\/\/push.care\/en\/wp-json\/wp\/v2\/media?parent=9"}],"curies":[{"name":"wp","href":"https:\/\/api.w.org\/{rel}","templated":true}]}}