{"id":13,"date":"2026-01-14T08:15:08","date_gmt":"2026-01-14T08:15:08","guid":{"rendered":"http:\/\/push.care\/?page_id=13"},"modified":"2026-05-08T20:40:20","modified_gmt":"2026-05-08T20:40:20","slug":"push","status":"publish","type":"page","link":"https:\/\/push.care\/en\/","title":{"rendered":"PUSH"},"content":{"rendered":"<div class=\"wp-block-cover alignfull is-light has-custom-content-position is-position-bottom-center\" style=\"margin-top:0;margin-bottom:0;padding-top:var(--wp--preset--spacing--50);padding-right:var(--wp--preset--spacing--50);padding-bottom:var(--wp--preset--spacing--50);padding-left:var(--wp--preset--spacing--50);min-height:100vh;aspect-ratio:unset;\"><img loading=\"lazy\" decoding=\"async\" width=\"1024\" height=\"1024\" class=\"wp-block-cover__image-background wp-image-18 size-large\" alt=\"\" src=\"http:\/\/push.care\/wp-content\/uploads\/2026\/01\/Frau-Meer-verschwommen-1024x1024.png\" data-object-fit=\"cover\" srcset=\"https:\/\/push.care\/wp-content\/uploads\/2026\/01\/Frau-Meer-verschwommen-1024x1024.png 1024w, https:\/\/push.care\/wp-content\/uploads\/2026\/01\/Frau-Meer-verschwommen-300x300.png 300w, https:\/\/push.care\/wp-content\/uploads\/2026\/01\/Frau-Meer-verschwommen-150x150.png 150w, https:\/\/push.care\/wp-content\/uploads\/2026\/01\/Frau-Meer-verschwommen-768x768.png 768w, https:\/\/push.care\/wp-content\/uploads\/2026\/01\/Frau-Meer-verschwommen.png 1208w\" sizes=\"auto, (max-width: 1024px) 100vw, 1024px\" \/><span aria-hidden=\"true\" class=\"wp-block-cover__background has-background-dim-10 has-background-dim\" style=\"background-color:#b9b5b0\"><\/span><div class=\"wp-block-cover__inner-container has-global-padding is-layout-constrained wp-container-core-cover-is-layout-d89aad35 wp-block-cover-is-layout-constrained\">\n<div class=\"wp-block-group alignwide has-global-padding is-content-justification-left is-layout-constrained wp-container-core-group-is-layout-12dd3699 wp-block-group-is-layout-constrained\">\n<h2 class=\"wp-block-heading has-text-align-left has-xx-large-font-size\">What if care suddenly<br>became capable of more?<\/h2>\n\n\n\n<p class=\"has-text-align-left\">Just like every person\u2019s personality, each wave unfolds with beauty and resilience, revealing hidden wonders.<\/p>\n\n\n\n<div class=\"wp-block-buttons is-layout-flex wp-block-buttons-is-layout-flex\">\n<div class=\"wp-block-button\"><a class=\"wp-block-button__link wp-element-button\">Further information<\/a><\/div>\n<\/div>\n<\/div>\n<\/div><\/div>\n\n\n\n<div class=\"wp-block-group alignfull is-style-section-5 has-base-background-color has-background has-global-padding is-layout-constrained wp-block-group-is-layout-constrained is-style-section-5--1\" style=\"margin-top:0;margin-bottom:0;padding-top:var(--wp--preset--spacing--50);padding-bottom:var(--wp--preset--spacing--50)\">\n<div class=\"wp-block-columns alignwide is-layout-flex wp-container-core-columns-is-layout-7ee84d44 wp-block-columns-is-layout-flex\">\n<div class=\"wp-block-column is-vertically-aligned-center has-contrast-color has-text-color has-link-color wp-elements-2e32334d7ed9a62ef25acb9f07e5282c is-layout-flow wp-block-column-is-layout-flow\" style=\"flex-basis:50%\">\n<h2 class=\"wp-block-heading\">The scientific background<\/h2>\n\n\n\n<p class=\"has-medium-font-size\">DIGRA\u00ae is a proprietary active ingredient designed to stimulate<br>skin metabolism without irritating the skin barrier. In collaboration with Fraunhofer IGB, a significant increase in metabolic activity in the epidermis and dermis has been demonstrated. <br>As a result, active ingredients are better absorbed and processed more efficiently - a key factor in the noticeable results experienced immediately after application.<\/p>\n<\/div>\n\n\n\n<div class=\"wp-block-column is-vertically-aligned-center is-layout-flow wp-block-column-is-layout-flow\" style=\"flex-basis:50%\">\n<figure class=\"wp-block-image aligncenter size-full is-resized\"><img loading=\"lazy\" decoding=\"async\" width=\"542\" height=\"306\" src=\"http:\/\/push.care\/wp-content\/uploads\/2026\/01\/Logo_DIGRA-1.png\" alt=\"\" class=\"wp-image-30\" style=\"aspect-ratio:1.771285239878471;width:330px;height:auto\" srcset=\"https:\/\/push.care\/wp-content\/uploads\/2026\/01\/Logo_DIGRA-1.png 542w, https:\/\/push.care\/wp-content\/uploads\/2026\/01\/Logo_DIGRA-1-300x169.png 300w\" sizes=\"auto, (max-width: 542px) 100vw, 542px\" \/><\/figure>\n<\/div>\n<\/div>\n<\/div>\n\n\n\n<div class=\"wp-block-group alignfull has-contrast-background-color has-background has-global-padding is-layout-constrained wp-container-core-group-is-layout-ebee8dc1 wp-block-group-is-layout-constrained\" style=\"margin-top:0;margin-bottom:0;padding-top:var(--wp--preset--spacing--50);padding-bottom:var(--wp--preset--spacing--50)\">\n<h2 class=\"wp-block-heading alignwide has-base-color has-text-color has-link-color wp-elements-2e935bd9019dc54fcafbf71fc8894d5c\">Our Products<\/h2>\n\n\n\n<div class=\"wp-block-columns alignwide is-layout-flex wp-container-core-columns-is-layout-28f84493 wp-block-columns-is-layout-flex\">\n<div class=\"wp-block-column is-layout-flow wp-block-column-is-layout-flow\">\n<figure class=\"wp-block-image size-full is-resized\" style=\"margin-bottom:24px\"><a href=\"http:\/\/push.care\/en\/push-scar-cream\/\"><img loading=\"lazy\" decoding=\"async\" width=\"1024\" height=\"1536\" src=\"http:\/\/push.care\/wp-content\/uploads\/2026\/01\/Narbencreme_Studio.png\" alt=\"\" class=\"wp-image-33\" style=\"aspect-ratio:0.75;object-fit:cover;width:487px;height:auto\" srcset=\"https:\/\/push.care\/wp-content\/uploads\/2026\/01\/Narbencreme_Studio.png 1024w, https:\/\/push.care\/wp-content\/uploads\/2026\/01\/Narbencreme_Studio-200x300.png 200w, https:\/\/push.care\/wp-content\/uploads\/2026\/01\/Narbencreme_Studio-683x1024.png 683w, https:\/\/push.care\/wp-content\/uploads\/2026\/01\/Narbencreme_Studio-768x1152.png 768w\" sizes=\"auto, (max-width: 1024px) 100vw, 1024px\" \/><\/a><\/figure>\n\n\n\n<h3 class=\"wp-block-heading\">Collect<\/h3>\n\n\n\n<p class=\"has-base-color has-text-color has-link-color has-medium-font-size wp-elements-29b726a934d58e9636056aff8639e9cf\" style=\"padding-right:var(--wp--preset--spacing--80);padding-left:0\">PUSH Scar Cream was developed for people who view scar care as part of their personal self-care routine. This gently formulated cream combines excellent tolerability with effective care that fits seamlessly into a mindful skincare routine.<\/p>\n\n\n\n<p class=\"has-base-color has-text-color has-link-color has-medium-font-size wp-elements-065c0bcf3cac380a0db4fc0301d9fc25\"><\/p>\n<\/div>\n\n\n\n<div class=\"wp-block-column is-layout-flow wp-block-column-is-layout-flow\">\n<figure class=\"wp-block-image size-full is-resized\" style=\"margin-bottom:24px\"><a href=\"http:\/\/push.care\/en\/push-active-foam\/\"><img loading=\"lazy\" decoding=\"async\" width=\"1024\" height=\"1536\" src=\"http:\/\/push.care\/wp-content\/uploads\/2026\/01\/ActiceFoam_Studio.png\" alt=\"\" class=\"wp-image-34\" style=\"aspect-ratio:0.75;object-fit:cover;width:491px;height:auto\" srcset=\"https:\/\/push.care\/wp-content\/uploads\/2026\/01\/ActiceFoam_Studio.png 1024w, https:\/\/push.care\/wp-content\/uploads\/2026\/01\/ActiceFoam_Studio-200x300.png 200w, https:\/\/push.care\/wp-content\/uploads\/2026\/01\/ActiceFoam_Studio-683x1024.png 683w, https:\/\/push.care\/wp-content\/uploads\/2026\/01\/ActiceFoam_Studio-768x1152.png 768w\" sizes=\"auto, (max-width: 1024px) 100vw, 1024px\" \/><\/a><\/figure>\n\n\n\n<h3 class=\"wp-block-heading\">Assemble<\/h3>\n\n\n\n<p class=\"has-text-align-left has-base-color has-text-color has-link-color has-medium-font-size wp-elements-9feea4103c44f42360f30010a01ce231\" style=\"padding-right:var(--wp--preset--spacing--80);padding-left:0\">PUSH Active Foam is a warming concentrate designed to invigorate tired, stressed or tense muscles.<br>Its specialised formula creates a pleasant tingling sensation on the skin, followed by deep, soothing warmth to help promote relaxation and physical comfort.<\/p>\n<\/div>\n<\/div>\n<\/div>\n\n\n\n<div class=\"wp-block-group alignfull has-global-padding is-layout-constrained wp-block-group-is-layout-constrained\" style=\"margin-top:0;margin-bottom:0\">\n<div class=\"wp-block-group alignwide is-layout-grid wp-container-core-group-is-layout-5fdb10e5 wp-block-group-is-layout-grid\" style=\"padding-top:var(--wp--preset--spacing--50);padding-bottom:var(--wp--preset--spacing--50)\">\n<div class=\"wp-block-group is-vertical is-content-justification-stretch is-nowrap is-layout-flex wp-container-core-group-is-layout-627337ab wp-block-group-is-layout-flex\">\n<div class=\"wp-block-group is-vertical is-content-justification-left is-layout-flex wp-container-core-group-is-layout-dd225191 wp-block-group-is-layout-flex\">\n<h2 class=\"wp-block-heading is-style-text-annotation is-style-text-annotation--2\"><strong>About us<\/strong><\/h2>\n\n\n\n<p class=\"is-style-default\">DIGRA is the result of decades of research and development in the field of semi-medical cosmetics.<\/p>\n\n\n\n<p>For over 40 years, our philosophy has been centered on effectiveness, skin compatibility, and medically inspired formulations.<\/p>\n\n\n\n<p class=\"is-style-default\">These values continue to form the foundation of everything we do. Development and manufacturing take place exclusively in Germany - in compliance with GMP standards, with full control over raw material selection, formulation development, and production.<\/p>\n<\/div>\n<\/div>\n\n\n\n<figure class=\"wp-block-image size-full\"><img loading=\"lazy\" decoding=\"async\" width=\"960\" height=\"1201\" src=\"http:\/\/push.care\/wp-content\/uploads\/2026\/01\/Frau-Gesicht-Pipette.jpg\" alt=\"\" class=\"wp-image-26\" style=\"aspect-ratio:3\/4;object-fit:cover\" srcset=\"https:\/\/push.care\/wp-content\/uploads\/2026\/01\/Frau-Gesicht-Pipette.jpg 960w, https:\/\/push.care\/wp-content\/uploads\/2026\/01\/Frau-Gesicht-Pipette-240x300.jpg 240w, https:\/\/push.care\/wp-content\/uploads\/2026\/01\/Frau-Gesicht-Pipette-819x1024.jpg 819w, https:\/\/push.care\/wp-content\/uploads\/2026\/01\/Frau-Gesicht-Pipette-768x961.jpg 768w\" sizes=\"auto, (max-width: 960px) 100vw, 960px\" \/><\/figure>\n<\/div>\n<\/div>\n\n\n\n<div class=\"wp-block-group alignfull has-global-padding is-layout-constrained wp-block-group-is-layout-constrained\" style=\"margin-top:0;margin-bottom:0\">\n<div class=\"wp-block-group alignwide is-layout-flow wp-container-core-group-is-layout-d58a0413 wp-block-group-is-layout-flow\" style=\"padding-top:var(--wp--preset--spacing--50);padding-bottom:var(--wp--preset--spacing--50)\">\n\n\n\n<\/div>\n<\/div>","protected":false},"excerpt":{"rendered":"<p>Der wissenschaftliche Hintergrund DIGRA\u00ae ist ein eigens entwickelter Wirkstoff zur Aktivierung desHautstoffwechsels ohne Reizung der Hautbarriere. In Zusammenarbeit mit dem Fraunhofer IGB wurde eine signifikante Erh\u00f6hung der metabolischen Aktivit\u00e4t in Epidermis und Dermis nachgewiesen. Das hat zur Folge, dass Wirkstoffe besser aufgenommen und effizienter verarbeitet werden k\u00f6nnen &#8211; ein wesentlicher Baustein f\u00fcr das sp\u00fcrbare Erlebnis [&hellip;]<\/p>\n","protected":false},"author":1,"featured_media":0,"parent":0,"menu_order":0,"comment_status":"closed","ping_status":"closed","template":"","meta":{"footnotes":""},"class_list":["post-13","page","type-page","status-publish","hentry"],"_links":{"self":[{"href":"https:\/\/push.care\/en\/wp-json\/wp\/v2\/pages\/13","targetHints":{"allow":["GET"]}}],"collection":[{"href":"https:\/\/push.care\/en\/wp-json\/wp\/v2\/pages"}],"about":[{"href":"https:\/\/push.care\/en\/wp-json\/wp\/v2\/types\/page"}],"author":[{"embeddable":true,"href":"https:\/\/push.care\/en\/wp-json\/wp\/v2\/users\/1"}],"replies":[{"embeddable":true,"href":"https:\/\/push.care\/en\/wp-json\/wp\/v2\/comments?post=13"}],"version-history":[{"count":13,"href":"https:\/\/push.care\/en\/wp-json\/wp\/v2\/pages\/13\/revisions"}],"predecessor-version":[{"id":77,"href":"https:\/\/push.care\/en\/wp-json\/wp\/v2\/pages\/13\/revisions\/77"}],"wp:attachment":[{"href":"https:\/\/push.care\/en\/wp-json\/wp\/v2\/media?parent=13"}],"curies":[{"name":"wp","href":"https:\/\/api.w.org\/{rel}","templated":true}]}}