{"id":40,"date":"2026-01-14T08:13:59","date_gmt":"2026-01-14T08:13:59","guid":{"rendered":"http:\/\/push.care\/?page_id=40"},"modified":"2026-02-04T11:08:23","modified_gmt":"2026-02-04T11:08:23","slug":"push-active-foam","status":"publish","type":"page","link":"http:\/\/push.care\/en\/push-active-foam\/","title":{"rendered":"PUSH Active Foam"},"content":{"rendered":"<div class=\"wp-block-group alignfull is-style-section-5 is-layout-flow wp-block-group-is-layout-flow is-style-section-5--1\" style=\"min-height:100vh;margin-top:0;margin-bottom:0;padding-top:var(--wp--preset--spacing--50);padding-right:var(--wp--preset--spacing--50);padding-bottom:var(--wp--preset--spacing--50);padding-left:var(--wp--preset--spacing--50)\">\n<div class=\"wp-block-columns alignfull is-layout-flex wp-container-core-columns-is-layout-47c06fe3 wp-block-columns-is-layout-flex\">\n<div class=\"wp-block-column is-layout-flow wp-block-column-is-layout-flow\">\n<div class=\"wp-block-cover is-light\" style=\"min-height:100vh;aspect-ratio:unset;\"><img loading=\"lazy\" decoding=\"async\" width=\"683\" height=\"1024\" class=\"wp-block-cover__image-background wp-image-34 size-large\" alt=\"\" src=\"http:\/\/push.care\/wp-content\/uploads\/2026\/01\/ActiceFoam_Studio-683x1024.png\" data-object-fit=\"cover\" srcset=\"http:\/\/push.care\/wp-content\/uploads\/2026\/01\/ActiceFoam_Studio-683x1024.png 683w, http:\/\/push.care\/wp-content\/uploads\/2026\/01\/ActiceFoam_Studio-200x300.png 200w, http:\/\/push.care\/wp-content\/uploads\/2026\/01\/ActiceFoam_Studio-768x1152.png 768w, http:\/\/push.care\/wp-content\/uploads\/2026\/01\/ActiceFoam_Studio.png 1024w\" sizes=\"auto, (max-width: 683px) 100vw, 683px\" \/><span aria-hidden=\"true\" class=\"wp-block-cover__background has-background-dim-0 has-background-dim\" style=\"background-color:#f9f9f9\"><\/span><div class=\"wp-block-cover__inner-container is-layout-flow wp-block-cover-is-layout-flow\">\n<div style=\"height:var(--wp--preset--spacing--20)\" aria-hidden=\"true\" class=\"wp-block-spacer\"><\/div>\n<\/div><\/div>\n<\/div>\n\n\n\n<div class=\"wp-block-column is-layout-flow wp-block-column-is-layout-flow\">\n<div class=\"wp-block-group is-vertical is-content-justification-stretch is-nowrap is-layout-flex wp-container-core-group-is-layout-9a2e2d63 wp-block-group-is-layout-flex\" style=\"min-height:100%\">\n<p class=\"has-text-align-left has-x-large-font-size\" style=\"line-height:1.2\">PUSH Active Foam is a dermatologically tested warming foam concentrate powered by our proprietary active ingredient, DIGRA\u00ae. Its gentle tingling effect revitalises tired and stressed areas of the body, while the soothing warmth provides deep relaxation after an intense day.<br>Enriched with bamboo extract and DIGRA\u00ae, its advanced formula helps to make skin look smoother and promotes the appearance of firmer, more toned and revitalised connective tissue.<\/p>\n\n\n\n<p class=\"has-text-align-left has-large-font-size\" style=\"line-height:1.2\">Usage &amp; Product Information<br><br>\u2013 150 ml container<br>\u2013 Apply up to 5 times a day to the desired <br> area of the body and gently <br> massage in<br>\u2013 Suitable for all skin types; <br> dermatologically tested and reated \"very good\u201c<br>\u2013 Note: The sensation of warmth may vary <br> from person to person<\/p>\n<\/div>\n<\/div>\n<\/div>\n<\/div>\n\n\n\n<figure class=\"wp-block-image size-full\"><a href=\"https:\/\/www.my-racket.de\/products\/push-warmeschaum-fur-tennis\"><img loading=\"lazy\" decoding=\"async\" width=\"953\" height=\"58\" src=\"https:\/\/push.care\/wp-content\/uploads\/2026\/02\/PUSH-im-MY-Racket-Shop.jpg\" alt=\"\" class=\"wp-image-68\" srcset=\"http:\/\/push.care\/wp-content\/uploads\/2026\/02\/PUSH-im-MY-Racket-Shop.jpg 953w, http:\/\/push.care\/wp-content\/uploads\/2026\/02\/PUSH-im-MY-Racket-Shop-300x18.jpg 300w, http:\/\/push.care\/wp-content\/uploads\/2026\/02\/PUSH-im-MY-Racket-Shop-768x47.jpg 768w\" sizes=\"auto, (max-width: 953px) 100vw, 953px\" \/><\/a><\/figure>\n\n\n\n<p><\/p>","protected":false},"excerpt":{"rendered":"<p>PUSH Active Foam ist ein dermatologisch \u201esehr gut\u201c getestetes W\u00e4rmekonzentrat mit unserem Wirkstoff DIGRA\u00ae. Das sanfte Prickeln auf der Haut belebt beanspruchte K\u00f6rperpartien. Gleichzeitig schenkt diewohltuende W\u00e4rme sp\u00fcrbare Entspannung nach einem intensiven Tag. Bambusextrakt und DIGRA\u00ae unterst\u00fctzen zugleich ein glatteres Hautbild sowie ein straffes, vital wirkendes Bindegewebe. Anwendung &amp; Produktinfo &#8211; 150 ml Beh\u00e4lter&#8211; Bis [&hellip;]<\/p>\n","protected":false},"author":1,"featured_media":0,"parent":0,"menu_order":0,"comment_status":"closed","ping_status":"closed","template":"","meta":{"footnotes":""},"class_list":["post-40","page","type-page","status-publish","hentry"],"_links":{"self":[{"href":"http:\/\/push.care\/en\/wp-json\/wp\/v2\/pages\/40","targetHints":{"allow":["GET"]}}],"collection":[{"href":"http:\/\/push.care\/en\/wp-json\/wp\/v2\/pages"}],"about":[{"href":"http:\/\/push.care\/en\/wp-json\/wp\/v2\/types\/page"}],"author":[{"embeddable":true,"href":"http:\/\/push.care\/en\/wp-json\/wp\/v2\/users\/1"}],"replies":[{"embeddable":true,"href":"http:\/\/push.care\/en\/wp-json\/wp\/v2\/comments?post=40"}],"version-history":[{"count":6,"href":"http:\/\/push.care\/en\/wp-json\/wp\/v2\/pages\/40\/revisions"}],"predecessor-version":[{"id":70,"href":"http:\/\/push.care\/en\/wp-json\/wp\/v2\/pages\/40\/revisions\/70"}],"wp:attachment":[{"href":"http:\/\/push.care\/en\/wp-json\/wp\/v2\/media?parent=40"}],"curies":[{"name":"wp","href":"https:\/\/api.w.org\/{rel}","templated":true}]}}