{"id":37,"date":"2026-01-14T08:14:08","date_gmt":"2026-01-14T08:14:08","guid":{"rendered":"http:\/\/push.care\/?page_id=37"},"modified":"2026-01-14T08:14:08","modified_gmt":"2026-01-14T08:14:08","slug":"push-scar-cream","status":"publish","type":"page","link":"http:\/\/push.care\/en\/push-scar-cream\/","title":{"rendered":"PUSH Scar Cream"},"content":{"rendered":"<div class=\"wp-block-group alignfull is-style-section-5 is-layout-flow wp-block-group-is-layout-flow is-style-section-5--1\" style=\"min-height:100vh;margin-top:0;margin-bottom:0;padding-top:var(--wp--preset--spacing--50);padding-right:var(--wp--preset--spacing--50);padding-bottom:var(--wp--preset--spacing--50);padding-left:var(--wp--preset--spacing--50)\">\n<div class=\"wp-block-columns alignfull is-layout-flex wp-container-core-columns-is-layout-47c06fe3 wp-block-columns-is-layout-flex\">\n<div class=\"wp-block-column is-layout-flow wp-block-column-is-layout-flow\">\n<div class=\"wp-block-cover is-light\" style=\"min-height:100vh;aspect-ratio:unset;\"><img loading=\"lazy\" decoding=\"async\" width=\"683\" height=\"1024\" class=\"wp-block-cover__image-background wp-image-33 size-large\" alt=\"\" src=\"http:\/\/push.care\/wp-content\/uploads\/2026\/01\/Narbencreme_Studio-683x1024.png\" data-object-fit=\"cover\" srcset=\"http:\/\/push.care\/wp-content\/uploads\/2026\/01\/Narbencreme_Studio-683x1024.png 683w, http:\/\/push.care\/wp-content\/uploads\/2026\/01\/Narbencreme_Studio-200x300.png 200w, http:\/\/push.care\/wp-content\/uploads\/2026\/01\/Narbencreme_Studio-768x1152.png 768w, http:\/\/push.care\/wp-content\/uploads\/2026\/01\/Narbencreme_Studio.png 1024w\" sizes=\"auto, (max-width: 683px) 100vw, 683px\" \/><span aria-hidden=\"true\" class=\"wp-block-cover__background has-background-dim-0 has-background-dim\" style=\"background-color:#f9f9f9\"><\/span><div class=\"wp-block-cover__inner-container is-layout-flow wp-block-cover-is-layout-flow\">\n<div style=\"height:var(--wp--preset--spacing--20)\" aria-hidden=\"true\" class=\"wp-block-spacer\"><\/div>\n<\/div><\/div>\n<\/div>\n\n\n\n<div class=\"wp-block-column is-layout-flow wp-block-column-is-layout-flow\">\n<div class=\"wp-block-group is-vertical is-content-justification-stretch is-nowrap is-layout-flex wp-container-core-group-is-layout-9a2e2d63 wp-block-group-is-layout-flex\" style=\"min-height:100%\">\n<p class=\"has-text-align-left has-x-large-font-size\" style=\"line-height:1.2\">PUSH is a dermatologically developed scar treatment powered by our proprietary active ingredient complex DIGRA\u00ae.<br>By enhancing the skin\u2019s ability to utilize active ingredients efficiently, key components such as panthenol and allantoin are delivered where they are needed most \u2014 supporting visible skin improvement from the very first applications.\n\nThe advanced formulation is specifically designed to support the regeneration of stressed, sensitized, and scarred skin. It helps improve skin comfort, smoothness, and appearance after surgical procedures, injuries, aesthetic treatments, or inflammatory skin conditions.<\/p>\n\n\n\n<p class=\"has-text-align-left is-style-default has-large-font-size\" style=\"line-height:1.2\">Usage &amp; Product Information<br><br>\u2013 20 ml tube; apply to the affected\nskin 2\u20133 times daily <br>   Apply cream<br>\u2013 Suitable for surgical scars, <br>   acne scars and injury-related <br>   skin condition<br>\u2013 Suitable for all skin types; <br>   dermatologically tested and reated \"very good\u201c<\/p>\n<\/div>\n<\/div>\n<\/div>\n<\/div>\n\n\n\n<p><\/p>","protected":false},"excerpt":{"rendered":"<p>PUSH ist eine dermatologisch entwickelte Narbenpflege auf Basis unseres Wirkstoffs DIGRA\u00ae. EnthalteneWirkstoffe wie Panthenol und Allantoin k\u00f6nnen besonders effizient aufgenommen werden, was bereits ab der ersten Anwendung zu sichtbaren Verbesserungen f\u00fchrt. Die Formulierung unterst\u00fctzt gezielt die Erneuerung beanspruchter oder vernarbter Haut, ideal nach Operationen, Verletzungen oder entz\u00fcndlichen Prozessen. Anwendung &amp; Produktinfo &#8211; 20 ml Tube, [&hellip;]<\/p>\n","protected":false},"author":1,"featured_media":0,"parent":0,"menu_order":0,"comment_status":"closed","ping_status":"closed","template":"","meta":{"footnotes":""},"class_list":["post-37","page","type-page","status-publish","hentry"],"_links":{"self":[{"href":"http:\/\/push.care\/en\/wp-json\/wp\/v2\/pages\/37","targetHints":{"allow":["GET"]}}],"collection":[{"href":"http:\/\/push.care\/en\/wp-json\/wp\/v2\/pages"}],"about":[{"href":"http:\/\/push.care\/en\/wp-json\/wp\/v2\/types\/page"}],"author":[{"embeddable":true,"href":"http:\/\/push.care\/en\/wp-json\/wp\/v2\/users\/1"}],"replies":[{"embeddable":true,"href":"http:\/\/push.care\/en\/wp-json\/wp\/v2\/comments?post=37"}],"version-history":[{"count":5,"href":"http:\/\/push.care\/en\/wp-json\/wp\/v2\/pages\/37\/revisions"}],"predecessor-version":[{"id":47,"href":"http:\/\/push.care\/en\/wp-json\/wp\/v2\/pages\/37\/revisions\/47"}],"wp:attachment":[{"href":"http:\/\/push.care\/en\/wp-json\/wp\/v2\/media?parent=37"}],"curies":[{"name":"wp","href":"https:\/\/api.w.org\/{rel}","templated":true}]}}